{"id":17755,"date":"2025-06-24T08:53:42","date_gmt":"2025-06-24T05:53:42","guid":{"rendered":"https:\/\/www.revar.com.tr\/servizi-post-vendita\/"},"modified":"2026-05-12T09:53:24","modified_gmt":"2026-05-12T06:53:24","slug":"servizi-post-vendita","status":"publish","type":"page","link":"https:\/\/www.revar.com.tr\/it\/servizi-post-vendita\/","title":{"rendered":"Servizi Post-Vendita"},"content":{"rendered":"\t\t<div data-elementor-type=\"wp-page\" data-elementor-id=\"17755\" class=\"elementor elementor-17755 elementor-16695\">\n\t\t\t\t<div class=\"wd-negative-gap elementor-element elementor-element-382d1a9 e-flex e-con-boxed e-con e-parent\" data-id=\"382d1a9\" data-element_type=\"container\" data-e-type=\"container\">\n\t\t\t\t\t<div class=\"e-con-inner\">\n\t\t\t\t<div class=\"elementor-element elementor-element-73db60c elementor-widget elementor-widget-wd_text_block\" data-id=\"73db60c\" data-element_type=\"widget\" data-e-type=\"widget\" data-widget_type=\"wd_text_block.default\">\n\t\t\t\t<div class=\"elementor-widget-container\">\n\t\t\t\t\t\t\t<div class=\"wd-text-block reset-last-child text-left\">\n\t\t\t\n\t\t\t<p>pagina della documentazione tecnica<\/p><p>visibile solo ai membri<\/p>\n\t\t\t\t\t<\/div>\n\t\t\t\t\t\t<\/div>\n\t\t\t\t<\/div>\n\t\t\t\t\t<\/div>\n\t\t\t\t<\/div>\n\t\t\t\t<\/div>\n\t\t","protected":false},"excerpt":{"rendered":"<p>pagina della documentazione tecnica visibile solo ai membri<\/p>\n","protected":false},"author":1,"featured_media":0,"parent":0,"menu_order":0,"comment_status":"closed","ping_status":"closed","template":"","meta":{"pagelayer_contact_templates":[],"_pagelayer_content":"","footnotes":""},"class_list":["post-17755","page","type-page","status-publish","hentry"],"yoast_head":"<!-- This site is optimized with the Yoast SEO plugin v27.6 - https:\/\/yoast.com\/product\/yoast-seo-wordpress\/ -->\n<title>Servizi Post-Vendita - REVAR<\/title>\n<meta name=\"robots\" content=\"index, follow, max-snippet:-1, max-image-preview:large, max-video-preview:-1\" \/>\n<link rel=\"canonical\" href=\"https:\/\/www.revar.com.tr\/it\/servizi-post-vendita\/\" \/>\n<meta property=\"og:locale\" content=\"it_IT\" \/>\n<meta property=\"og:type\" content=\"article\" \/>\n<meta property=\"og:title\" content=\"Servizi Post-Vendita - REVAR\" \/>\n<meta property=\"og:description\" content=\"pagina della documentazione tecnica visibile solo ai membri\" \/>\n<meta property=\"og:url\" content=\"https:\/\/www.revar.com.tr\/it\/servizi-post-vendita\/\" \/>\n<meta property=\"og:site_name\" content=\"REVAR\" \/>\n<meta property=\"article:publisher\" content=\"https:\/\/www.instagram.com\/revarofficial\" \/>\n<meta property=\"article:modified_time\" content=\"2026-05-12T06:53:24+00:00\" \/>\n<meta name=\"twitter:card\" content=\"summary_large_image\" \/>\n<script type=\"application\/ld+json\" class=\"yoast-schema-graph\">{\"@context\":\"https:\\\/\\\/schema.org\",\"@graph\":[{\"@type\":\"WebPage\",\"@id\":\"https:\\\/\\\/www.revar.com.tr\\\/it\\\/servizi-post-vendita\\\/\",\"url\":\"https:\\\/\\\/www.revar.com.tr\\\/it\\\/servizi-post-vendita\\\/\",\"name\":\"Servizi Post-Vendita - REVAR\",\"isPartOf\":{\"@id\":\"https:\\\/\\\/www.revar.com.tr\\\/it\\\/#website\"},\"datePublished\":\"2025-06-24T05:53:42+00:00\",\"dateModified\":\"2026-05-12T06:53:24+00:00\",\"breadcrumb\":{\"@id\":\"https:\\\/\\\/www.revar.com.tr\\\/it\\\/servizi-post-vendita\\\/#breadcrumb\"},\"inLanguage\":\"it-IT\",\"potentialAction\":[{\"@type\":\"ReadAction\",\"target\":[\"https:\\\/\\\/www.revar.com.tr\\\/it\\\/servizi-post-vendita\\\/\"]}]},{\"@type\":\"BreadcrumbList\",\"@id\":\"https:\\\/\\\/www.revar.com.tr\\\/it\\\/servizi-post-vendita\\\/#breadcrumb\",\"itemListElement\":[{\"@type\":\"ListItem\",\"position\":1,\"name\":\"Anasayfa\",\"item\":\"https:\\\/\\\/www.revar.com.tr\\\/it\\\/\"},{\"@type\":\"ListItem\",\"position\":2,\"name\":\"Servizi Post-Vendita\"}]},{\"@type\":\"WebSite\",\"@id\":\"https:\\\/\\\/www.revar.com.tr\\\/it\\\/#website\",\"url\":\"https:\\\/\\\/www.revar.com.tr\\\/it\\\/\",\"name\":\"REVAR\",\"description\":\"HAREKET\u0130 M\u00dcMK\u00dcN KILAN M\u00dcHEND\u0130SL\u0130K\",\"publisher\":{\"@id\":\"https:\\\/\\\/www.revar.com.tr\\\/it\\\/#organization\"},\"potentialAction\":[{\"@type\":\"SearchAction\",\"target\":{\"@type\":\"EntryPoint\",\"urlTemplate\":\"https:\\\/\\\/www.revar.com.tr\\\/it\\\/?s={search_term_string}\"},\"query-input\":{\"@type\":\"PropertyValueSpecification\",\"valueRequired\":true,\"valueName\":\"search_term_string\"}}],\"inLanguage\":\"it-IT\"},{\"@type\":\"Organization\",\"@id\":\"https:\\\/\\\/www.revar.com.tr\\\/it\\\/#organization\",\"name\":\"REVAR OTOMOT\u0130V SANAY\u0130 VE T\u0130CARET A.\u015e.\",\"url\":\"https:\\\/\\\/www.revar.com.tr\\\/it\\\/\",\"logo\":{\"@type\":\"ImageObject\",\"inLanguage\":\"it-IT\",\"@id\":\"https:\\\/\\\/www.revar.com.tr\\\/it\\\/#\\\/schema\\\/logo\\\/image\\\/\",\"url\":\"https:\\\/\\\/www.revar.com.tr\\\/wp-content\\\/uploads\\\/2025\\\/04\\\/revar_logo-1-e1744891265940.png\",\"contentUrl\":\"https:\\\/\\\/www.revar.com.tr\\\/wp-content\\\/uploads\\\/2025\\\/04\\\/revar_logo-1-e1744891265940.png\",\"width\":200,\"height\":111,\"caption\":\"REVAR OTOMOT\u0130V SANAY\u0130 VE T\u0130CARET A.\u015e.\"},\"image\":{\"@id\":\"https:\\\/\\\/www.revar.com.tr\\\/it\\\/#\\\/schema\\\/logo\\\/image\\\/\"},\"sameAs\":[\"https:\\\/\\\/www.instagram.com\\\/revarofficial\"]}]}<\/script>\n<!-- \/ Yoast SEO plugin. -->","yoast_head_json":{"title":"Servizi Post-Vendita - REVAR","robots":{"index":"index","follow":"follow","max-snippet":"max-snippet:-1","max-image-preview":"max-image-preview:large","max-video-preview":"max-video-preview:-1"},"canonical":"https:\/\/www.revar.com.tr\/it\/servizi-post-vendita\/","og_locale":"it_IT","og_type":"article","og_title":"Servizi Post-Vendita - REVAR","og_description":"pagina della documentazione tecnica visibile solo ai membri","og_url":"https:\/\/www.revar.com.tr\/it\/servizi-post-vendita\/","og_site_name":"REVAR","article_publisher":"https:\/\/www.instagram.com\/revarofficial","article_modified_time":"2026-05-12T06:53:24+00:00","twitter_card":"summary_large_image","schema":{"@context":"https:\/\/schema.org","@graph":[{"@type":"WebPage","@id":"https:\/\/www.revar.com.tr\/it\/servizi-post-vendita\/","url":"https:\/\/www.revar.com.tr\/it\/servizi-post-vendita\/","name":"Servizi Post-Vendita - REVAR","isPartOf":{"@id":"https:\/\/www.revar.com.tr\/it\/#website"},"datePublished":"2025-06-24T05:53:42+00:00","dateModified":"2026-05-12T06:53:24+00:00","breadcrumb":{"@id":"https:\/\/www.revar.com.tr\/it\/servizi-post-vendita\/#breadcrumb"},"inLanguage":"it-IT","potentialAction":[{"@type":"ReadAction","target":["https:\/\/www.revar.com.tr\/it\/servizi-post-vendita\/"]}]},{"@type":"BreadcrumbList","@id":"https:\/\/www.revar.com.tr\/it\/servizi-post-vendita\/#breadcrumb","itemListElement":[{"@type":"ListItem","position":1,"name":"Anasayfa","item":"https:\/\/www.revar.com.tr\/it\/"},{"@type":"ListItem","position":2,"name":"Servizi Post-Vendita"}]},{"@type":"WebSite","@id":"https:\/\/www.revar.com.tr\/it\/#website","url":"https:\/\/www.revar.com.tr\/it\/","name":"REVAR","description":"HAREKET\u0130 M\u00dcMK\u00dcN KILAN M\u00dcHEND\u0130SL\u0130K","publisher":{"@id":"https:\/\/www.revar.com.tr\/it\/#organization"},"potentialAction":[{"@type":"SearchAction","target":{"@type":"EntryPoint","urlTemplate":"https:\/\/www.revar.com.tr\/it\/?s={search_term_string}"},"query-input":{"@type":"PropertyValueSpecification","valueRequired":true,"valueName":"search_term_string"}}],"inLanguage":"it-IT"},{"@type":"Organization","@id":"https:\/\/www.revar.com.tr\/it\/#organization","name":"REVAR OTOMOT\u0130V SANAY\u0130 VE T\u0130CARET A.\u015e.","url":"https:\/\/www.revar.com.tr\/it\/","logo":{"@type":"ImageObject","inLanguage":"it-IT","@id":"https:\/\/www.revar.com.tr\/it\/#\/schema\/logo\/image\/","url":"https:\/\/www.revar.com.tr\/wp-content\/uploads\/2025\/04\/revar_logo-1-e1744891265940.png","contentUrl":"https:\/\/www.revar.com.tr\/wp-content\/uploads\/2025\/04\/revar_logo-1-e1744891265940.png","width":200,"height":111,"caption":"REVAR OTOMOT\u0130V SANAY\u0130 VE T\u0130CARET A.\u015e."},"image":{"@id":"https:\/\/www.revar.com.tr\/it\/#\/schema\/logo\/image\/"},"sameAs":["https:\/\/www.instagram.com\/revarofficial"]}]}},"_links":{"self":[{"href":"https:\/\/www.revar.com.tr\/it\/wp-json\/wp\/v2\/pages\/17755","targetHints":{"allow":["GET"]}}],"collection":[{"href":"https:\/\/www.revar.com.tr\/it\/wp-json\/wp\/v2\/pages"}],"about":[{"href":"https:\/\/www.revar.com.tr\/it\/wp-json\/wp\/v2\/types\/page"}],"author":[{"embeddable":true,"href":"https:\/\/www.revar.com.tr\/it\/wp-json\/wp\/v2\/users\/1"}],"replies":[{"embeddable":true,"href":"https:\/\/www.revar.com.tr\/it\/wp-json\/wp\/v2\/comments?post=17755"}],"version-history":[{"count":1,"href":"https:\/\/www.revar.com.tr\/it\/wp-json\/wp\/v2\/pages\/17755\/revisions"}],"predecessor-version":[{"id":17756,"href":"https:\/\/www.revar.com.tr\/it\/wp-json\/wp\/v2\/pages\/17755\/revisions\/17756"}],"wp:attachment":[{"href":"https:\/\/www.revar.com.tr\/it\/wp-json\/wp\/v2\/media?parent=17755"}],"curies":[{"name":"wp","href":"https:\/\/api.w.org\/{rel}","templated":true}]}}