{"id":17760,"date":"2021-08-26T12:22:55","date_gmt":"2021-08-26T09:22:55","guid":{"rendered":"https:\/\/www.revar.com.tr\/prodotti\/"},"modified":"2021-08-26T12:22:55","modified_gmt":"2021-08-26T09:22:55","slug":"prodotti","status":"publish","type":"page","link":"https:\/\/www.revar.com.tr\/it\/prodotti\/","title":{"rendered":"Prodotti"},"content":{"rendered":"","protected":false},"excerpt":{"rendered":"","protected":false},"author":1,"featured_media":0,"parent":0,"menu_order":0,"comment_status":"closed","ping_status":"closed","template":"","meta":{"pagelayer_contact_templates":[],"_pagelayer_content":"","footnotes":""},"class_list":["post-17760","page","type-page","status-publish","hentry"],"yoast_head":"<!-- This site is optimized with the Yoast SEO plugin v27.6 - https:\/\/yoast.com\/product\/yoast-seo-wordpress\/ -->\n<title>Prodotti - REVAR<\/title>\n<meta name=\"robots\" content=\"index, follow, max-snippet:-1, max-image-preview:large, max-video-preview:-1\" \/>\n<link rel=\"canonical\" href=\"https:\/\/www.revar.com.tr\/it\/prodotti\/\" \/>\n<meta property=\"og:locale\" content=\"it_IT\" \/>\n<meta property=\"og:type\" content=\"article\" \/>\n<meta property=\"og:title\" content=\"Prodotti - REVAR\" \/>\n<meta property=\"og:url\" content=\"https:\/\/www.revar.com.tr\/it\/prodotti\/\" \/>\n<meta property=\"og:site_name\" content=\"REVAR\" \/>\n<meta property=\"article:publisher\" content=\"https:\/\/www.instagram.com\/revarofficial\" \/>\n<meta name=\"twitter:card\" content=\"summary_large_image\" \/>\n<script type=\"application\/ld+json\" class=\"yoast-schema-graph\">{\"@context\":\"https:\\\/\\\/schema.org\",\"@graph\":[{\"@type\":\"WebPage\",\"@id\":\"https:\\\/\\\/www.revar.com.tr\\\/it\\\/prodotti\\\/\",\"url\":\"https:\\\/\\\/www.revar.com.tr\\\/it\\\/prodotti\\\/\",\"name\":\"Prodotti - REVAR\",\"isPartOf\":{\"@id\":\"https:\\\/\\\/www.revar.com.tr\\\/it\\\/#website\"},\"datePublished\":\"2021-08-26T09:22:55+00:00\",\"breadcrumb\":{\"@id\":\"https:\\\/\\\/www.revar.com.tr\\\/it\\\/prodotti\\\/#breadcrumb\"},\"inLanguage\":\"it-IT\",\"potentialAction\":[{\"@type\":\"ReadAction\",\"target\":[\"https:\\\/\\\/www.revar.com.tr\\\/it\\\/prodotti\\\/\"]}]},{\"@type\":\"BreadcrumbList\",\"@id\":\"https:\\\/\\\/www.revar.com.tr\\\/it\\\/prodotti\\\/#breadcrumb\",\"itemListElement\":[{\"@type\":\"ListItem\",\"position\":1,\"name\":\"Anasayfa\",\"item\":\"https:\\\/\\\/www.revar.com.tr\\\/it\\\/\"},{\"@type\":\"ListItem\",\"position\":2,\"name\":\"Prodotti\"}]},{\"@type\":\"WebSite\",\"@id\":\"https:\\\/\\\/www.revar.com.tr\\\/it\\\/#website\",\"url\":\"https:\\\/\\\/www.revar.com.tr\\\/it\\\/\",\"name\":\"REVAR\",\"description\":\"HAREKET\u0130 M\u00dcMK\u00dcN KILAN M\u00dcHEND\u0130SL\u0130K\",\"publisher\":{\"@id\":\"https:\\\/\\\/www.revar.com.tr\\\/it\\\/#organization\"},\"potentialAction\":[{\"@type\":\"SearchAction\",\"target\":{\"@type\":\"EntryPoint\",\"urlTemplate\":\"https:\\\/\\\/www.revar.com.tr\\\/it\\\/?s={search_term_string}\"},\"query-input\":{\"@type\":\"PropertyValueSpecification\",\"valueRequired\":true,\"valueName\":\"search_term_string\"}}],\"inLanguage\":\"it-IT\"},{\"@type\":\"Organization\",\"@id\":\"https:\\\/\\\/www.revar.com.tr\\\/it\\\/#organization\",\"name\":\"REVAR OTOMOT\u0130V SANAY\u0130 VE T\u0130CARET A.\u015e.\",\"url\":\"https:\\\/\\\/www.revar.com.tr\\\/it\\\/\",\"logo\":{\"@type\":\"ImageObject\",\"inLanguage\":\"it-IT\",\"@id\":\"https:\\\/\\\/www.revar.com.tr\\\/it\\\/#\\\/schema\\\/logo\\\/image\\\/\",\"url\":\"https:\\\/\\\/www.revar.com.tr\\\/wp-content\\\/uploads\\\/2025\\\/04\\\/revar_logo-1-e1744891265940.png\",\"contentUrl\":\"https:\\\/\\\/www.revar.com.tr\\\/wp-content\\\/uploads\\\/2025\\\/04\\\/revar_logo-1-e1744891265940.png\",\"width\":200,\"height\":111,\"caption\":\"REVAR OTOMOT\u0130V SANAY\u0130 VE T\u0130CARET A.\u015e.\"},\"image\":{\"@id\":\"https:\\\/\\\/www.revar.com.tr\\\/it\\\/#\\\/schema\\\/logo\\\/image\\\/\"},\"sameAs\":[\"https:\\\/\\\/www.instagram.com\\\/revarofficial\"]}]}<\/script>\n<!-- \/ Yoast SEO plugin. -->","yoast_head_json":{"title":"Prodotti - REVAR","robots":{"index":"index","follow":"follow","max-snippet":"max-snippet:-1","max-image-preview":"max-image-preview:large","max-video-preview":"max-video-preview:-1"},"canonical":"https:\/\/www.revar.com.tr\/it\/prodotti\/","og_locale":"it_IT","og_type":"article","og_title":"Prodotti - REVAR","og_url":"https:\/\/www.revar.com.tr\/it\/prodotti\/","og_site_name":"REVAR","article_publisher":"https:\/\/www.instagram.com\/revarofficial","twitter_card":"summary_large_image","schema":{"@context":"https:\/\/schema.org","@graph":[{"@type":"WebPage","@id":"https:\/\/www.revar.com.tr\/it\/prodotti\/","url":"https:\/\/www.revar.com.tr\/it\/prodotti\/","name":"Prodotti - REVAR","isPartOf":{"@id":"https:\/\/www.revar.com.tr\/it\/#website"},"datePublished":"2021-08-26T09:22:55+00:00","breadcrumb":{"@id":"https:\/\/www.revar.com.tr\/it\/prodotti\/#breadcrumb"},"inLanguage":"it-IT","potentialAction":[{"@type":"ReadAction","target":["https:\/\/www.revar.com.tr\/it\/prodotti\/"]}]},{"@type":"BreadcrumbList","@id":"https:\/\/www.revar.com.tr\/it\/prodotti\/#breadcrumb","itemListElement":[{"@type":"ListItem","position":1,"name":"Anasayfa","item":"https:\/\/www.revar.com.tr\/it\/"},{"@type":"ListItem","position":2,"name":"Prodotti"}]},{"@type":"WebSite","@id":"https:\/\/www.revar.com.tr\/it\/#website","url":"https:\/\/www.revar.com.tr\/it\/","name":"REVAR","description":"HAREKET\u0130 M\u00dcMK\u00dcN KILAN M\u00dcHEND\u0130SL\u0130K","publisher":{"@id":"https:\/\/www.revar.com.tr\/it\/#organization"},"potentialAction":[{"@type":"SearchAction","target":{"@type":"EntryPoint","urlTemplate":"https:\/\/www.revar.com.tr\/it\/?s={search_term_string}"},"query-input":{"@type":"PropertyValueSpecification","valueRequired":true,"valueName":"search_term_string"}}],"inLanguage":"it-IT"},{"@type":"Organization","@id":"https:\/\/www.revar.com.tr\/it\/#organization","name":"REVAR OTOMOT\u0130V SANAY\u0130 VE T\u0130CARET A.\u015e.","url":"https:\/\/www.revar.com.tr\/it\/","logo":{"@type":"ImageObject","inLanguage":"it-IT","@id":"https:\/\/www.revar.com.tr\/it\/#\/schema\/logo\/image\/","url":"https:\/\/www.revar.com.tr\/wp-content\/uploads\/2025\/04\/revar_logo-1-e1744891265940.png","contentUrl":"https:\/\/www.revar.com.tr\/wp-content\/uploads\/2025\/04\/revar_logo-1-e1744891265940.png","width":200,"height":111,"caption":"REVAR OTOMOT\u0130V SANAY\u0130 VE T\u0130CARET A.\u015e."},"image":{"@id":"https:\/\/www.revar.com.tr\/it\/#\/schema\/logo\/image\/"},"sameAs":["https:\/\/www.instagram.com\/revarofficial"]}]}},"_links":{"self":[{"href":"https:\/\/www.revar.com.tr\/it\/wp-json\/wp\/v2\/pages\/17760","targetHints":{"allow":["GET"]}}],"collection":[{"href":"https:\/\/www.revar.com.tr\/it\/wp-json\/wp\/v2\/pages"}],"about":[{"href":"https:\/\/www.revar.com.tr\/it\/wp-json\/wp\/v2\/types\/page"}],"author":[{"embeddable":true,"href":"https:\/\/www.revar.com.tr\/it\/wp-json\/wp\/v2\/users\/1"}],"replies":[{"embeddable":true,"href":"https:\/\/www.revar.com.tr\/it\/wp-json\/wp\/v2\/comments?post=17760"}],"version-history":[{"count":0,"href":"https:\/\/www.revar.com.tr\/it\/wp-json\/wp\/v2\/pages\/17760\/revisions"}],"wp:attachment":[{"href":"https:\/\/www.revar.com.tr\/it\/wp-json\/wp\/v2\/media?parent=17760"}],"curies":[{"name":"wp","href":"https:\/\/api.w.org\/{rel}","templated":true}]}}